{"id":97,"date":"2015-12-23T22:08:15","date_gmt":"2015-12-23T22:08:15","guid":{"rendered":"http:\/\/www.leocaruso.com.ar\/espanol\/?page_id=97"},"modified":"2020-12-21T02:07:11","modified_gmt":"2020-12-21T02:07:11","slug":"en-vivo","status":"publish","type":"page","link":"https:\/\/www.leocaruso.com.ar\/espanol\/en-vivo\/","title":{"rendered":"en vivo"},"content":{"rendered":"<p><span style=\"font-size: 14pt; font-family: helvetica, arial, sans-serif; color: #000080;\"><strong>Leo Caruso &amp; Club Mondrian:<\/strong><\/span><br \/>\n<span style=\"font-size: 12pt; font-family: helvetica, arial, sans-serif; color: #333333;\"> <strong>Driftin&#8217; Blues<\/strong> (Charles Brown, Eddie Williams &amp; Johnny Moore)<\/span><br \/>\n<span style=\"font-size: 12pt; font-family: helvetica, arial, sans-serif; color: #333333;\"> Leo Caruso (Piano \/ Vocal), Pablo Leone (Contrabajo), Demian Gonzalez Premezzi (Bater\u00eda)<\/span><\/p>\n<p><iframe src=\"\/\/www.youtube.com\/embed\/bY47UvI8f3k\" width=\"660\" height=\"370\" allowfullscreen=\"allowfullscreen\"><\/iframe><\/p>\n<p><span style=\"font-family: helvetica, arial, sans-serif; color: #333333;\"><strong>San\u00a0Diego\u00a0Seredade<\/strong> (Tom Waits).<\/span><br \/>\n<span style=\"font-family: helvetica, arial, sans-serif; color: #333333;\">Leo Caruso (Piano \/ Vocal), Pablo Leone (Double-bass), Demian Gonzalez Premezzi (Drums)<\/span><\/p>\n<p><iframe src=\"\/\/www.youtube.com\/embed\/BNRIah8YT6A\" width=\"660\" height=\"370\" allowfullscreen=\"allowfullscreen\"><\/iframe><\/p>\n<p><span style=\"font-size: 12pt; font-family: helvetica, arial, sans-serif; color: #333333;\"><strong>Alright, Okay, You Win<\/strong> (Mayme Watts &amp; Sidney Wyche) en Vaca\u00a0Profana<\/span><\/p>\n<p><span style=\"font-size: 12pt; font-family: helvetica, arial, sans-serif; color: #333333;\"> Leo Caruso (Piano \/ Vocal), Pablo Leone (Contrabajo), Demian Gonzalez Premezzi (Bater\u00eda)<\/span><\/p>\n<p><iframe title=\"Leo Caruso &amp; Club Mondrian Alright, Okay, You Win\" width=\"780\" height=\"585\" src=\"https:\/\/www.youtube.com\/embed\/U4zox4KQtKc?feature=oembed\" frameborder=\"0\" allow=\"accelerometer; autoplay; clipboard-write; encrypted-media; gyroscope; picture-in-picture\" allowfullscreen><\/iframe><\/p>\n<p><span style=\"font-size: 14pt; font-family: helvetica, arial, sans-serif; color: #000080;\"><strong>Colabaraciones con otros artistas:<\/strong><\/span><\/p>\n<p><span style=\"font-family: helvetica, arial, sans-serif; font-size: 12pt; color: #333333;\">Con la leyenda del blues <strong>Bob Stroger<\/strong>, en el Teatro York (Buenos Aires).<\/span><\/p>\n<p><span style=\"font-family: helvetica, arial, sans-serif; font-size: 12pt; color: #333333;\">Bob Stroger (Bajo\/Vocal), Maximiliano Hracek (Guitarra), Adri\u00e1n Gimenez (Arm\u00f3nica), Damian Casanova (Bater\u00eda), Leo Caruso (Piano)<\/span><\/p>\n<p><iframe src=\"\/\/www.youtube.com\/embed\/MooluJEkk2o\" width=\"660\" height=\"370\" allowfullscreen=\"allowfullscreen\"><\/iframe><\/p>\n<p><span style=\"font-size: 12pt; font-family: helvetica, arial, sans-serif; color: #333333;\"> Con <strong>Daniel Raffo<\/strong> en La Trastienda. 30-08-14 <strong>Rainbow Riot<\/strong> (Bill Doggett)<\/span><br \/>\n<span style=\"font-size: 12pt; font-family: helvetica, arial, sans-serif; color: #333333;\"> Daniel Raffo (guitarra), Leo Caruso (piano), Juanito Moro (bater\u00eda), Nacho Porqueres (bajo), Fisu Horns (secci\u00f3n de vientos)<\/span><\/p>\n<p><iframe title=\"Daniel Raffo &amp; King Size Brass Band: &quot;Rainbow Riot&quot; (Bill Doggett) La Trastienda. 30-08-14.\" width=\"780\" height=\"439\" src=\"https:\/\/www.youtube.com\/embed\/Xci7K4XIMoU?feature=oembed\" frameborder=\"0\" allow=\"accelerometer; autoplay; clipboard-write; encrypted-media; gyroscope; picture-in-picture\" allowfullscreen><\/iframe><\/p>\n<p><span style=\"font-size: 12pt; font-family: helvetica, arial, sans-serif; color: #333333;\">Con <strong>Diego Czainik<\/strong> en La Casona. <strong>St. Louis Blues\u00a0<\/strong>(W.C. Handy)<\/span><br \/>\n<span style=\"font-size: 12pt; font-family: helvetica, arial, sans-serif; color: #333333;\"> Leo Caruso (piano), Fer Couto (guitarra), Mariano Llopis (contrabajo), Fernando Zoff (bater\u00eda)<\/span><\/p>\n<p><iframe title=\"Diego Czainik - Saint Louis Blues.wmv\" width=\"780\" height=\"585\" src=\"https:\/\/www.youtube.com\/embed\/iXwK6luoxdA?feature=oembed\" frameborder=\"0\" allow=\"accelerometer; autoplay; clipboard-write; encrypted-media; gyroscope; picture-in-picture\" allowfullscreen><\/iframe><\/p>\n<p><span style=\"font-size: 12pt; font-family: helvetica, arial, sans-serif; color: #333333;\">Basic 400. <strong>Improvisaci\u00f3n 1<\/strong>. Jam organizada como parte del festejo por las 400 emisiones ininterrumpidas del programa de radio<\/span><br \/>\n<span style=\"font-size: 12pt; font-family: helvetica, arial, sans-serif; color: #333333;\"> NoTanDistintos que conducen Guillermo Blanco Alvarado y Alberto \u00abTano\u00bb Rosso.<\/span><br \/>\n<span style=\"font-size: 12pt; font-family: helvetica, arial, sans-serif; color: #333333;\"> Leo Caruso (piano), Eduardo Introcaso (saxo tenor), Francisco Salgado (tromb\u00f3n), Dar\u00edo Alegre (guitarra), Pablo Basez (bajo el\u00e9ctrico)<\/span><\/p>\n<p><iframe title=\"BASIC 400 - 2015 - impro 1\" width=\"780\" height=\"585\" src=\"https:\/\/www.youtube.com\/embed\/Hhxzv7Ic6TQ?feature=oembed\" frameborder=\"0\" allow=\"accelerometer; autoplay; clipboard-write; encrypted-media; gyroscope; picture-in-picture\" allowfullscreen><\/iframe><\/p>\n<p><span style=\"font-size: 12pt; font-family: helvetica, arial, sans-serif; color: #333333;\">Basic 400. <strong>Improvisaci\u00f3n 2<\/strong><\/span><\/p>\n<p><iframe title=\"BASIC 400 - 2015 - Impro 2\" width=\"780\" height=\"585\" src=\"https:\/\/www.youtube.com\/embed\/p1XRSkSCO3E?feature=oembed\" frameborder=\"0\" allow=\"accelerometer; autoplay; clipboard-write; encrypted-media; gyroscope; picture-in-picture\" allowfullscreen><\/iframe><\/p>\n","protected":false},"excerpt":{"rendered":"<p>Leo Caruso &amp; Club Mondrian: Driftin&#8217; Blues (Charles Brown, Eddie Williams &amp; Johnny Moore) Leo Caruso (Piano \/ Vocal), Pablo&hellip; <a class=\"read-more\" href=\"https:\/\/www.leocaruso.com.ar\/espanol\/en-vivo\/\">Leer m\u00e1s <span class=\"screen-reader-text\">en vivo<\/span><\/a><\/p>\n","protected":false},"author":1,"featured_media":0,"parent":0,"menu_order":0,"comment_status":"closed","ping_status":"closed","template":"","meta":{"footnotes":""},"yoast_head":"<!-- This site is optimized with the Yoast SEO plugin v24.5 - https:\/\/yoast.com\/wordpress\/plugins\/seo\/ -->\n<title>en vivo - Leo Caruso<\/title>\n<meta name=\"robots\" content=\"index, follow, max-snippet:-1, max-image-preview:large, max-video-preview:-1\" \/>\n<link rel=\"canonical\" href=\"https:\/\/www.leocaruso.com.ar\/espanol\/en-vivo\/\" \/>\n<meta property=\"og:locale\" content=\"es_ES\" \/>\n<meta property=\"og:type\" content=\"article\" \/>\n<meta property=\"og:title\" content=\"en vivo - Leo Caruso\" \/>\n<meta property=\"og:description\" content=\"Leo Caruso &amp; Club Mondrian: Driftin&#8217; Blues (Charles Brown, Eddie Williams &amp; Johnny Moore) Leo Caruso (Piano \/ Vocal), Pablo&hellip; Leer m\u00e1s en vivo\" \/>\n<meta property=\"og:url\" content=\"https:\/\/www.leocaruso.com.ar\/espanol\/en-vivo\/\" \/>\n<meta property=\"og:site_name\" content=\"Leo Caruso\" \/>\n<meta property=\"article:modified_time\" content=\"2020-12-21T02:07:11+00:00\" \/>\n<meta name=\"twitter:card\" content=\"summary_large_image\" \/>\n<meta name=\"twitter:label1\" content=\"Tiempo de lectura\" \/>\n\t<meta name=\"twitter:data1\" content=\"1 minuto\" \/>\n<script type=\"application\/ld+json\" class=\"yoast-schema-graph\">{\"@context\":\"https:\/\/schema.org\",\"@graph\":[{\"@type\":\"WebPage\",\"@id\":\"https:\/\/www.leocaruso.com.ar\/espanol\/en-vivo\/\",\"url\":\"https:\/\/www.leocaruso.com.ar\/espanol\/en-vivo\/\",\"name\":\"en vivo - Leo Caruso\",\"isPartOf\":{\"@id\":\"https:\/\/www.leocaruso.com.ar\/espanol\/#website\"},\"datePublished\":\"2015-12-23T22:08:15+00:00\",\"dateModified\":\"2020-12-21T02:07:11+00:00\",\"breadcrumb\":{\"@id\":\"https:\/\/www.leocaruso.com.ar\/espanol\/en-vivo\/#breadcrumb\"},\"inLanguage\":\"es\",\"potentialAction\":[{\"@type\":\"ReadAction\",\"target\":[\"https:\/\/www.leocaruso.com.ar\/espanol\/en-vivo\/\"]}]},{\"@type\":\"BreadcrumbList\",\"@id\":\"https:\/\/www.leocaruso.com.ar\/espanol\/en-vivo\/#breadcrumb\",\"itemListElement\":[{\"@type\":\"ListItem\",\"position\":1,\"name\":\"Portada\",\"item\":\"https:\/\/www.leocaruso.com.ar\/espanol\/\"},{\"@type\":\"ListItem\",\"position\":2,\"name\":\"en vivo\"}]},{\"@type\":\"WebSite\",\"@id\":\"https:\/\/www.leocaruso.com.ar\/espanol\/#website\",\"url\":\"https:\/\/www.leocaruso.com.ar\/espanol\/\",\"name\":\"Leo Caruso\",\"description\":\"musico - pianista - compositor - arreglador - vocalista\",\"potentialAction\":[{\"@type\":\"SearchAction\",\"target\":{\"@type\":\"EntryPoint\",\"urlTemplate\":\"https:\/\/www.leocaruso.com.ar\/espanol\/?s={search_term_string}\"},\"query-input\":{\"@type\":\"PropertyValueSpecification\",\"valueRequired\":true,\"valueName\":\"search_term_string\"}}],\"inLanguage\":\"es\"}]}<\/script>\n<!-- \/ Yoast SEO plugin. -->","yoast_head_json":{"title":"en vivo - Leo Caruso","robots":{"index":"index","follow":"follow","max-snippet":"max-snippet:-1","max-image-preview":"max-image-preview:large","max-video-preview":"max-video-preview:-1"},"canonical":"https:\/\/www.leocaruso.com.ar\/espanol\/en-vivo\/","og_locale":"es_ES","og_type":"article","og_title":"en vivo - Leo Caruso","og_description":"Leo Caruso &amp; Club Mondrian: Driftin&#8217; Blues (Charles Brown, Eddie Williams &amp; Johnny Moore) Leo Caruso (Piano \/ Vocal), Pablo&hellip; Leer m\u00e1s en vivo","og_url":"https:\/\/www.leocaruso.com.ar\/espanol\/en-vivo\/","og_site_name":"Leo Caruso","article_modified_time":"2020-12-21T02:07:11+00:00","twitter_card":"summary_large_image","twitter_misc":{"Tiempo de lectura":"1 minuto"},"schema":{"@context":"https:\/\/schema.org","@graph":[{"@type":"WebPage","@id":"https:\/\/www.leocaruso.com.ar\/espanol\/en-vivo\/","url":"https:\/\/www.leocaruso.com.ar\/espanol\/en-vivo\/","name":"en vivo - Leo Caruso","isPartOf":{"@id":"https:\/\/www.leocaruso.com.ar\/espanol\/#website"},"datePublished":"2015-12-23T22:08:15+00:00","dateModified":"2020-12-21T02:07:11+00:00","breadcrumb":{"@id":"https:\/\/www.leocaruso.com.ar\/espanol\/en-vivo\/#breadcrumb"},"inLanguage":"es","potentialAction":[{"@type":"ReadAction","target":["https:\/\/www.leocaruso.com.ar\/espanol\/en-vivo\/"]}]},{"@type":"BreadcrumbList","@id":"https:\/\/www.leocaruso.com.ar\/espanol\/en-vivo\/#breadcrumb","itemListElement":[{"@type":"ListItem","position":1,"name":"Portada","item":"https:\/\/www.leocaruso.com.ar\/espanol\/"},{"@type":"ListItem","position":2,"name":"en vivo"}]},{"@type":"WebSite","@id":"https:\/\/www.leocaruso.com.ar\/espanol\/#website","url":"https:\/\/www.leocaruso.com.ar\/espanol\/","name":"Leo Caruso","description":"musico - pianista - compositor - arreglador - vocalista","potentialAction":[{"@type":"SearchAction","target":{"@type":"EntryPoint","urlTemplate":"https:\/\/www.leocaruso.com.ar\/espanol\/?s={search_term_string}"},"query-input":{"@type":"PropertyValueSpecification","valueRequired":true,"valueName":"search_term_string"}}],"inLanguage":"es"}]}},"_links":{"self":[{"href":"https:\/\/www.leocaruso.com.ar\/espanol\/wp-json\/wp\/v2\/pages\/97"}],"collection":[{"href":"https:\/\/www.leocaruso.com.ar\/espanol\/wp-json\/wp\/v2\/pages"}],"about":[{"href":"https:\/\/www.leocaruso.com.ar\/espanol\/wp-json\/wp\/v2\/types\/page"}],"author":[{"embeddable":true,"href":"https:\/\/www.leocaruso.com.ar\/espanol\/wp-json\/wp\/v2\/users\/1"}],"replies":[{"embeddable":true,"href":"https:\/\/www.leocaruso.com.ar\/espanol\/wp-json\/wp\/v2\/comments?post=97"}],"version-history":[{"count":16,"href":"https:\/\/www.leocaruso.com.ar\/espanol\/wp-json\/wp\/v2\/pages\/97\/revisions"}],"predecessor-version":[{"id":567,"href":"https:\/\/www.leocaruso.com.ar\/espanol\/wp-json\/wp\/v2\/pages\/97\/revisions\/567"}],"wp:attachment":[{"href":"https:\/\/www.leocaruso.com.ar\/espanol\/wp-json\/wp\/v2\/media?parent=97"}],"curies":[{"name":"wp","href":"https:\/\/api.w.org\/{rel}","templated":true}]}}