{"id":59,"date":"2015-12-15T04:02:54","date_gmt":"2015-12-15T04:02:54","guid":{"rendered":"http:\/\/www.leocaruso.com.ar\/espanol\/?page_id=59"},"modified":"2017-02-08T03:33:22","modified_gmt":"2017-02-08T03:33:22","slug":"leo-caruso-club-mondrian","status":"publish","type":"page","link":"https:\/\/www.leocaruso.com.ar\/espanol\/leo-caruso-club-mondrian\/","title":{"rendered":"Leo Caruso &#038; Club Mondrian"},"content":{"rendered":"<p><img fetchpriority=\"high\" decoding=\"async\" class=\"alignnone wp-image-139 size-full\" src=\"http:\/\/www.leocaruso.com.ar\/espanol\/wp-content\/uploads\/Leo-Caruso-Club-Mondrian-PRUEBA-LAND-WEB.jpg\" alt=\"Leo Caruso &amp; Club Mondrian PRUEBA LAND WEB\" width=\"1024\" height=\"768\" srcset=\"https:\/\/www.leocaruso.com.ar\/espanol\/wp-content\/uploads\/Leo-Caruso-Club-Mondrian-PRUEBA-LAND-WEB.jpg 1024w, https:\/\/www.leocaruso.com.ar\/espanol\/wp-content\/uploads\/Leo-Caruso-Club-Mondrian-PRUEBA-LAND-WEB-300x225.jpg 300w, https:\/\/www.leocaruso.com.ar\/espanol\/wp-content\/uploads\/Leo-Caruso-Club-Mondrian-PRUEBA-LAND-WEB-660x495.jpg 660w\" sizes=\"(max-width: 1024px) 100vw, 1024px\" \/><\/p>\n<p><span style=\"font-family: helvetica, arial, sans-serif; font-size: 12pt;\">Fan Page:\u00a0<a href=\"http:\/\/www.facebook.com\/CarusoyClubmondrian\" target=\"_blank\">http:\/\/www.facebook.com\/CarusoyClubmondrian<\/a><\/span><\/p>\n<p>CD <span style=\"color: #ff0000;\"><strong>Colores Primarios<\/strong><\/span>\u00a0disponible en:<\/p>\n<p><strong><a href=\"https:\/\/itunes.apple.com\/us\/album\/colores-primarios\/id1176570302?ign-mpt=uo%3D4\" target=\"_blank\">iTunes<\/a>\u00a0 \u00a0\u00a0<a href=\"https:\/\/www.youtube.com\/user\/mondrianmusic\/videos?view=0&amp;shelf_id=0&amp;sort=dd\" target=\"_blank\">YouTube<\/a>\u00a0 \u00a0\u00a0<\/strong><strong><a href=\"https:\/\/play.spotify.com\/album\/7fFuQlTZ5XCVZaipvyPMte\" target=\"_blank\">Spotify<\/a>\u00a0 \u00a0\u00a0<\/strong><strong><a href=\"https:\/\/play.google.com\/store\/music\/album\/Leo_Caruso_Club_Mondrian_Colores_Primarios?id=Bavc73vlwgzurqhowgo3bn3djye\" target=\"_blank\">GooglePlay<\/a>\u00a0 \u00a0\u00a0<\/strong><strong><a href=\"http:\/\/tidal.com\/album\/67274303\" target=\"_blank\">Tidal<\/a>\u00a0 \u00a0\u00a0<\/strong><strong><a href=\"http:\/\/www.deezer.com\/album\/14562228?utm_source=deezer&amp;utm_content=album-14562228&amp;utm_term=0_1479225196&amp;utm_medium=web\" target=\"_blank\">Deezer<\/a><\/strong><\/p>\n<p><span style=\"font-family: helvetica, arial, sans-serif; font-size: 12pt;\"><span style=\"font-family: Helvetica, sans-serif;\"><b>Leo Caruso <\/b>(Piano\/voz)<b> \u00a0<\/b><\/span><\/span><\/p>\n<p><span style=\"font-family: helvetica, arial, sans-serif; font-size: 12pt;\"><span style=\"font-family: Helvetica, sans-serif;\"><b>Pablo Leone <\/b>(Contrabajo)<b> \u00a0<\/b><\/span><\/span><\/p>\n<p><span style=\"font-family: helvetica, arial, sans-serif; font-size: 12pt;\"><span style=\"font-family: Helvetica, sans-serif;\"><b>Demi\u00e1n Gonz\u00e1lez Premezzi <\/b>(Bater\u00eda)<\/span><\/span><\/p>\n<p class=\"western\" lang=\"es-ES\" style=\"text-align: center;\"><span style=\"font-size: 14pt; color: #000000;\"><strong><span style=\"font-family: helvetica, arial, sans-serif;\">Manifiesto\u00a0y Audios<\/span><\/strong><\/span><\/p>\n<p class=\"western\" lang=\"es-ES\"><span style=\"font-family: helvetica, arial, sans-serif; font-size: 12pt;\"><b>Club Mondrian<\/b> comenz\u00f3 con un presentimiento.<\/span><\/p>\n<p class=\"western\" lang=\"es-ES\"><span style=\"font-family: helvetica, arial, sans-serif; font-size: 12pt;\">Corr\u00edan tiempos despiadados en 2001, y la realidad me pateaba groseramente la puerta (como a la mayor\u00eda); tocar blues en mi piano era el \u00fanico refugio contra todos los males de este mundo. Una vez m\u00e1s, la vieja regla de los 3 acordes y los 12 compases hac\u00eda magia en un alma herida, esta vez, en el extremo sur del mundo (la magia de las catarsis, el poder que denotan las m\u00fasicas provenientes de \u00c1frica esclavizadas en Am\u00e9rica, como el blues, y el tango).<\/span><\/p>\n<p class=\"western\" lang=\"es-ES\"><span style=\"font-family: helvetica, arial, sans-serif; font-size: 12pt;\">Comenzamos a juntarnos con un par de amigos para intentar que ese rito tambi\u00e9n ayudara a pagar las cuentas. <\/span><\/p>\n<p class=\"western\" lang=\"es-ES\"><span style=\"font-family: helvetica, arial, sans-serif; font-size: 12pt;\">Gracias a Flavio Circo (contrabajista de La Creole Jazz Band), abr\u00edamos las noches de jazz de la bodega del Caf\u00e9 Tortoni, bajo el nombre de <i>El Club de la Serpiente <\/i>(en honor a Rayuela y a Cort\u00e1zar). Esas noches de contar monedas para llegar a ese escenario m\u00edtico, dejaron el regalo de una digna grabaci\u00f3n en vivo, milagrosa, (el demo que no pod\u00eda pagar), que abri\u00f3 las primeras puertas.<\/span><\/p>\n<p class=\"western\" lang=\"es-ES\"><span style=\"font-family: helvetica, arial, sans-serif; font-size: 12pt;\">Luego, hubo que cambiar el nombre del tr\u00edo (porque nadie quiere nombrar b\u00edfidos en el escenario\u2026). Y apareci\u00f3 la vida y obra de Piet Mondrian como un fuerte disparador est\u00e9tico de lo que dejaba de ser una mera balsa de supervivencia, y se convert\u00eda en proyecto art\u00edstico.<\/span><\/p>\n<p class=\"western\" lang=\"es-ES\"><span style=\"font-family: helvetica, arial, sans-serif; font-size: 12pt;\">En algunas tapas de Blue Note, en las ideas gr\u00e1ficas de Saul Bass para Hitchcock, en la pintura del fondo del escenario del Cavern Club\u2026 sospecho la influencia de Mondrian impl\u00edcita o expl\u00edcita, sobre buena parte del arte que me impacta.<\/span><\/p>\n<p class=\"western\" lang=\"es-ES\"><span style=\"font-family: helvetica, arial, sans-serif; font-size: 12pt;\">Mondrian persegu\u00eda la m\u00edstica idea de un arte que trascendiera la realidad y buscara una esencia universal (y lo buscaba a trav\u00e9s de su exploraci\u00f3n de las formas geom\u00e9tricas y los colores primarios).<\/span><\/p>\n<p class=\"western\" lang=\"es-ES\"><a href=\"http:\/\/www.leocaruso.com.ar\/espanol\/wp-content\/uploads\/piet-mondrian.jpg\"><img decoding=\"async\" class=\" wp-image-414 alignnone\" src=\"http:\/\/www.leocaruso.com.ar\/espanol\/wp-content\/uploads\/piet-mondrian.jpg\" alt=\"piet-mondrian\" width=\"315\" height=\"544\" srcset=\"https:\/\/www.leocaruso.com.ar\/espanol\/wp-content\/uploads\/piet-mondrian.jpg 941w, https:\/\/www.leocaruso.com.ar\/espanol\/wp-content\/uploads\/piet-mondrian-174x300.jpg 174w, https:\/\/www.leocaruso.com.ar\/espanol\/wp-content\/uploads\/piet-mondrian-593x1024.jpg 593w, https:\/\/www.leocaruso.com.ar\/espanol\/wp-content\/uploads\/piet-mondrian-660x1140.jpg 660w\" sizes=\"(max-width: 315px) 100vw, 315px\" \/><\/a><\/p>\n<p class=\"western\" lang=\"es-ES\"><span style=\"font-family: helvetica, arial, sans-serif; font-size: 12pt;\">A partir de eso encontr\u00e9 motivaciones y paralelos que se cruzan con mi manera de ver el blues, g\u00e9nero que sobrevivi\u00f3 mutando y manifestando su esencia hasta en la m\u00e1s insospechada de las m\u00fasicas: <\/span><\/p>\n<p class=\"western\" lang=\"es-ES\"><span style=\"font-family: helvetica, arial, sans-serif; font-size: 12pt;\">-La idea de tocar esta m\u00fasica con los colores primarios, la secci\u00f3n r\u00edtmica, piano, contrabajo y bater\u00eda.<\/span><\/p>\n<p class=\"western\" lang=\"es-ES\"><span style=\"font-family: helvetica, arial, sans-serif; font-size: 12pt;\">&#8211; El blues es un sistema (una geometr\u00eda perfecta), de 3 acordes b\u00e1sicos (3 colores), movi\u00e9ndose en una estructura de 12 compases. Y tiene un c\u00f3digo universal, por el cual varios desconocidos entre s\u00ed pueden interpretarlo juntos, sin ensayo previo.<\/span><\/p>\n<p class=\"western\" lang=\"es-ES\"><span style=\"font-family: helvetica, arial, sans-serif; font-size: 12pt;\">El broche. En los 40s, en Nueva York (donde se refugi\u00f3 del nazismo), Mondrian pintaba escuchando su m\u00fasica favorita: Boogie Woogie, el g\u00e9nero que hac\u00eda furor en los dedos de los brillantes pianistas de blues Pete Johnson, Albert Ammons y Meade \u201cLux\u201d Lewis. (Por eso titul\u00f3 algunos de sus cuadros como Boogie Woogie, <i>Broadwway Boogie-Woogie<\/i> y <i>Victory Boogie Woogie<\/i>).<\/span><\/p>\n<p class=\"western\" lang=\"es-ES\"><span style=\"font-family: helvetica, arial, sans-serif; font-size: 12pt;\">Ese presentimiento, ese latido inicial comenz\u00f3 a cobrar cada vez mas sentido; y el proyecto y este disco comenzaron a rodar bajo el nombre de Club Mondrian. <\/span><\/p>\n<p class=\"western\" lang=\"es-ES\"><span style=\"font-family: helvetica, arial, sans-serif; font-size: 12pt;\">De ac\u00e1 part\u00ed. Luego, encontr\u00e9 el esp\u00edritu del blues atravesando otras fronteras, desde el tinte blusero de la letra de<i> A hard day\u00b4s night<\/i>, hasta el primer blues en castellano de Manal (que me resuena como un aguafuerte a dos manos entre Quinquela Mart\u00edn y Roberto Arlt). Y el sonido del West Coast blues, tan pr\u00f3ximo al del jazz, que ti\u00f1\u00f3 todo el color del trabajo.<\/span><\/p>\n<p><span style=\"font-family: helvetica, arial, sans-serif; font-size: 12pt;\"><span lang=\"es-ES\">Audios\u00a0del CD: <\/span><span lang=\"es-ES\"><b>Leo Caruso &amp; Club Mondrian<\/b><\/span> <span lang=\"es-ES\" style=\"color: #ff0000;\"><b>Colores Primarios<\/b><\/span><\/span><\/p>\n<p><span style=\"font-family: helvetica, arial, sans-serif;\">Baby, baby, all the time (Bobby troup)<\/span><\/p>\n<!--[if lt IE 9]><script>document.createElement('audio');<\/script><![endif]-->\n<audio class=\"wp-audio-shortcode\" id=\"audio-59-1\" preload=\"none\" style=\"width: 100%;\" controls=\"controls\"><source type=\"audio\/mpeg\" src=\"http:\/\/www.leocaruso.com.ar\/espanol\/wp-content\/uploads\/Baby-baby-all-the-time.mp3?_=1\" \/><a href=\"http:\/\/www.leocaruso.com.ar\/espanol\/wp-content\/uploads\/Baby-baby-all-the-time.mp3\">http:\/\/www.leocaruso.com.ar\/espanol\/wp-content\/uploads\/Baby-baby-all-the-time.mp3<\/a><\/audio>\n<p>&nbsp;<\/p>\n<p><span style=\"font-family: helvetica, arial, sans-serif;\">Summertime (DuBose Heyward, George Gershwin, Ira Gershwin)<\/span><\/p>\n<audio class=\"wp-audio-shortcode\" id=\"audio-59-2\" preload=\"none\" style=\"width: 100%;\" controls=\"controls\"><source type=\"audio\/mpeg\" src=\"http:\/\/www.leocaruso.com.ar\/espanol\/wp-content\/uploads\/Summertime.mp3?_=2\" \/><a href=\"http:\/\/www.leocaruso.com.ar\/espanol\/wp-content\/uploads\/Summertime.mp3\">http:\/\/www.leocaruso.com.ar\/espanol\/wp-content\/uploads\/Summertime.mp3<\/a><\/audio>\n<p>&nbsp;<\/p>\n<p><span style=\"font-family: helvetica, arial, sans-serif;\">The same blue rain (Leo Caruso)<\/span><\/p>\n<audio class=\"wp-audio-shortcode\" id=\"audio-59-3\" preload=\"none\" style=\"width: 100%;\" controls=\"controls\"><source type=\"audio\/mpeg\" src=\"http:\/\/www.leocaruso.com.ar\/espanol\/wp-content\/uploads\/The-same-blue-rain2.mp3?_=3\" \/><a href=\"http:\/\/www.leocaruso.com.ar\/espanol\/wp-content\/uploads\/The-same-blue-rain2.mp3\">http:\/\/www.leocaruso.com.ar\/espanol\/wp-content\/uploads\/The-same-blue-rain2.mp3<\/a><\/audio>\n<p>&nbsp;<\/p>\n<p><span style=\"font-family: helvetica, arial, sans-serif;\">Avellaneda Blues (Javier Martinez, Claudio Gabis)<\/span><\/p>\n<audio class=\"wp-audio-shortcode\" id=\"audio-59-4\" preload=\"none\" style=\"width: 100%;\" controls=\"controls\"><source type=\"audio\/mpeg\" src=\"http:\/\/www.leocaruso.com.ar\/espanol\/wp-content\/uploads\/Avellaneda-Blues.mp3?_=4\" \/><a href=\"http:\/\/www.leocaruso.com.ar\/espanol\/wp-content\/uploads\/Avellaneda-Blues.mp3\">http:\/\/www.leocaruso.com.ar\/espanol\/wp-content\/uploads\/Avellaneda-Blues.mp3<\/a><\/audio>\n<p>&nbsp;<\/p>\n<p><span style=\"font-family: helvetica, arial, sans-serif;\">For no one (John Lennon, Paul McCartney)<\/span><\/p>\n<audio class=\"wp-audio-shortcode\" id=\"audio-59-5\" preload=\"none\" style=\"width: 100%;\" controls=\"controls\"><source type=\"audio\/mpeg\" src=\"http:\/\/www.leocaruso.com.ar\/espanol\/wp-content\/uploads\/For-no-one.mp3?_=5\" \/><a href=\"http:\/\/www.leocaruso.com.ar\/espanol\/wp-content\/uploads\/For-no-one.mp3\">http:\/\/www.leocaruso.com.ar\/espanol\/wp-content\/uploads\/For-no-one.mp3<\/a><\/audio>\n<p>&nbsp;<\/p>\n<p>&nbsp;<\/p>\n","protected":false},"excerpt":{"rendered":"<p>Fan Page:\u00a0http:\/\/www.facebook.com\/CarusoyClubmondrian CD Colores Primarios\u00a0disponible en: iTunes\u00a0 \u00a0\u00a0YouTube\u00a0 \u00a0\u00a0Spotify\u00a0 \u00a0\u00a0GooglePlay\u00a0 \u00a0\u00a0Tidal\u00a0 \u00a0\u00a0Deezer Leo Caruso (Piano\/voz) \u00a0 Pablo Leone (Contrabajo) \u00a0&hellip; <a class=\"read-more\" href=\"https:\/\/www.leocaruso.com.ar\/espanol\/leo-caruso-club-mondrian\/\">Leer m\u00e1s <span class=\"screen-reader-text\">Leo Caruso &#038; Club Mondrian<\/span><\/a><\/p>\n","protected":false},"author":1,"featured_media":0,"parent":0,"menu_order":0,"comment_status":"closed","ping_status":"closed","template":"","meta":{"footnotes":""},"yoast_head":"<!-- This site is optimized with the Yoast SEO plugin v24.5 - https:\/\/yoast.com\/wordpress\/plugins\/seo\/ -->\n<title>Leo Caruso &amp; Club Mondrian - Leo Caruso<\/title>\n<meta name=\"robots\" content=\"index, follow, max-snippet:-1, max-image-preview:large, max-video-preview:-1\" \/>\n<link rel=\"canonical\" href=\"https:\/\/www.leocaruso.com.ar\/espanol\/leo-caruso-club-mondrian\/\" \/>\n<meta property=\"og:locale\" content=\"es_ES\" \/>\n<meta property=\"og:type\" content=\"article\" \/>\n<meta property=\"og:title\" content=\"Leo Caruso &amp; Club Mondrian - Leo Caruso\" \/>\n<meta property=\"og:description\" content=\"Fan Page:\u00a0http:\/\/www.facebook.com\/CarusoyClubmondrian CD Colores Primarios\u00a0disponible en: iTunes\u00a0 \u00a0\u00a0YouTube\u00a0 \u00a0\u00a0Spotify\u00a0 \u00a0\u00a0GooglePlay\u00a0 \u00a0\u00a0Tidal\u00a0 \u00a0\u00a0Deezer Leo Caruso (Piano\/voz) \u00a0 Pablo Leone (Contrabajo) \u00a0&hellip; Leer m\u00e1s Leo Caruso &#038; Club Mondrian\" \/>\n<meta property=\"og:url\" content=\"https:\/\/www.leocaruso.com.ar\/espanol\/leo-caruso-club-mondrian\/\" \/>\n<meta property=\"og:site_name\" content=\"Leo Caruso\" \/>\n<meta property=\"article:modified_time\" content=\"2017-02-08T03:33:22+00:00\" \/>\n<meta property=\"og:image\" content=\"http:\/\/www.leocaruso.com.ar\/espanol\/wp-content\/uploads\/Leo-Caruso-Club-Mondrian-PRUEBA-LAND-WEB.jpg\" \/>\n<meta name=\"twitter:card\" content=\"summary_large_image\" \/>\n<meta name=\"twitter:label1\" content=\"Tiempo de lectura\" \/>\n\t<meta name=\"twitter:data1\" content=\"4 minutos\" \/>\n<script type=\"application\/ld+json\" class=\"yoast-schema-graph\">{\"@context\":\"https:\/\/schema.org\",\"@graph\":[{\"@type\":\"WebPage\",\"@id\":\"https:\/\/www.leocaruso.com.ar\/espanol\/leo-caruso-club-mondrian\/\",\"url\":\"https:\/\/www.leocaruso.com.ar\/espanol\/leo-caruso-club-mondrian\/\",\"name\":\"Leo Caruso & Club Mondrian - Leo Caruso\",\"isPartOf\":{\"@id\":\"https:\/\/www.leocaruso.com.ar\/espanol\/#website\"},\"primaryImageOfPage\":{\"@id\":\"https:\/\/www.leocaruso.com.ar\/espanol\/leo-caruso-club-mondrian\/#primaryimage\"},\"image\":{\"@id\":\"https:\/\/www.leocaruso.com.ar\/espanol\/leo-caruso-club-mondrian\/#primaryimage\"},\"thumbnailUrl\":\"http:\/\/www.leocaruso.com.ar\/espanol\/wp-content\/uploads\/Leo-Caruso-Club-Mondrian-PRUEBA-LAND-WEB.jpg\",\"datePublished\":\"2015-12-15T04:02:54+00:00\",\"dateModified\":\"2017-02-08T03:33:22+00:00\",\"breadcrumb\":{\"@id\":\"https:\/\/www.leocaruso.com.ar\/espanol\/leo-caruso-club-mondrian\/#breadcrumb\"},\"inLanguage\":\"es\",\"potentialAction\":[{\"@type\":\"ReadAction\",\"target\":[\"https:\/\/www.leocaruso.com.ar\/espanol\/leo-caruso-club-mondrian\/\"]}]},{\"@type\":\"ImageObject\",\"inLanguage\":\"es\",\"@id\":\"https:\/\/www.leocaruso.com.ar\/espanol\/leo-caruso-club-mondrian\/#primaryimage\",\"url\":\"https:\/\/www.leocaruso.com.ar\/espanol\/wp-content\/uploads\/Leo-Caruso-Club-Mondrian-PRUEBA-LAND-WEB.jpg\",\"contentUrl\":\"https:\/\/www.leocaruso.com.ar\/espanol\/wp-content\/uploads\/Leo-Caruso-Club-Mondrian-PRUEBA-LAND-WEB.jpg\",\"width\":1024,\"height\":768},{\"@type\":\"BreadcrumbList\",\"@id\":\"https:\/\/www.leocaruso.com.ar\/espanol\/leo-caruso-club-mondrian\/#breadcrumb\",\"itemListElement\":[{\"@type\":\"ListItem\",\"position\":1,\"name\":\"Portada\",\"item\":\"https:\/\/www.leocaruso.com.ar\/espanol\/\"},{\"@type\":\"ListItem\",\"position\":2,\"name\":\"Leo Caruso &#038; Club Mondrian\"}]},{\"@type\":\"WebSite\",\"@id\":\"https:\/\/www.leocaruso.com.ar\/espanol\/#website\",\"url\":\"https:\/\/www.leocaruso.com.ar\/espanol\/\",\"name\":\"Leo Caruso\",\"description\":\"musico - pianista - compositor - arreglador - vocalista\",\"potentialAction\":[{\"@type\":\"SearchAction\",\"target\":{\"@type\":\"EntryPoint\",\"urlTemplate\":\"https:\/\/www.leocaruso.com.ar\/espanol\/?s={search_term_string}\"},\"query-input\":{\"@type\":\"PropertyValueSpecification\",\"valueRequired\":true,\"valueName\":\"search_term_string\"}}],\"inLanguage\":\"es\"}]}<\/script>\n<!-- \/ Yoast SEO plugin. -->","yoast_head_json":{"title":"Leo Caruso & Club Mondrian - Leo Caruso","robots":{"index":"index","follow":"follow","max-snippet":"max-snippet:-1","max-image-preview":"max-image-preview:large","max-video-preview":"max-video-preview:-1"},"canonical":"https:\/\/www.leocaruso.com.ar\/espanol\/leo-caruso-club-mondrian\/","og_locale":"es_ES","og_type":"article","og_title":"Leo Caruso & Club Mondrian - Leo Caruso","og_description":"Fan Page:\u00a0http:\/\/www.facebook.com\/CarusoyClubmondrian CD Colores Primarios\u00a0disponible en: iTunes\u00a0 \u00a0\u00a0YouTube\u00a0 \u00a0\u00a0Spotify\u00a0 \u00a0\u00a0GooglePlay\u00a0 \u00a0\u00a0Tidal\u00a0 \u00a0\u00a0Deezer Leo Caruso (Piano\/voz) \u00a0 Pablo Leone (Contrabajo) \u00a0&hellip; Leer m\u00e1s Leo Caruso &#038; Club Mondrian","og_url":"https:\/\/www.leocaruso.com.ar\/espanol\/leo-caruso-club-mondrian\/","og_site_name":"Leo Caruso","article_modified_time":"2017-02-08T03:33:22+00:00","og_image":[{"url":"http:\/\/www.leocaruso.com.ar\/espanol\/wp-content\/uploads\/Leo-Caruso-Club-Mondrian-PRUEBA-LAND-WEB.jpg","type":"","width":"","height":""}],"twitter_card":"summary_large_image","twitter_misc":{"Tiempo de lectura":"4 minutos"},"schema":{"@context":"https:\/\/schema.org","@graph":[{"@type":"WebPage","@id":"https:\/\/www.leocaruso.com.ar\/espanol\/leo-caruso-club-mondrian\/","url":"https:\/\/www.leocaruso.com.ar\/espanol\/leo-caruso-club-mondrian\/","name":"Leo Caruso & Club Mondrian - Leo Caruso","isPartOf":{"@id":"https:\/\/www.leocaruso.com.ar\/espanol\/#website"},"primaryImageOfPage":{"@id":"https:\/\/www.leocaruso.com.ar\/espanol\/leo-caruso-club-mondrian\/#primaryimage"},"image":{"@id":"https:\/\/www.leocaruso.com.ar\/espanol\/leo-caruso-club-mondrian\/#primaryimage"},"thumbnailUrl":"http:\/\/www.leocaruso.com.ar\/espanol\/wp-content\/uploads\/Leo-Caruso-Club-Mondrian-PRUEBA-LAND-WEB.jpg","datePublished":"2015-12-15T04:02:54+00:00","dateModified":"2017-02-08T03:33:22+00:00","breadcrumb":{"@id":"https:\/\/www.leocaruso.com.ar\/espanol\/leo-caruso-club-mondrian\/#breadcrumb"},"inLanguage":"es","potentialAction":[{"@type":"ReadAction","target":["https:\/\/www.leocaruso.com.ar\/espanol\/leo-caruso-club-mondrian\/"]}]},{"@type":"ImageObject","inLanguage":"es","@id":"https:\/\/www.leocaruso.com.ar\/espanol\/leo-caruso-club-mondrian\/#primaryimage","url":"https:\/\/www.leocaruso.com.ar\/espanol\/wp-content\/uploads\/Leo-Caruso-Club-Mondrian-PRUEBA-LAND-WEB.jpg","contentUrl":"https:\/\/www.leocaruso.com.ar\/espanol\/wp-content\/uploads\/Leo-Caruso-Club-Mondrian-PRUEBA-LAND-WEB.jpg","width":1024,"height":768},{"@type":"BreadcrumbList","@id":"https:\/\/www.leocaruso.com.ar\/espanol\/leo-caruso-club-mondrian\/#breadcrumb","itemListElement":[{"@type":"ListItem","position":1,"name":"Portada","item":"https:\/\/www.leocaruso.com.ar\/espanol\/"},{"@type":"ListItem","position":2,"name":"Leo Caruso &#038; Club Mondrian"}]},{"@type":"WebSite","@id":"https:\/\/www.leocaruso.com.ar\/espanol\/#website","url":"https:\/\/www.leocaruso.com.ar\/espanol\/","name":"Leo Caruso","description":"musico - pianista - compositor - arreglador - vocalista","potentialAction":[{"@type":"SearchAction","target":{"@type":"EntryPoint","urlTemplate":"https:\/\/www.leocaruso.com.ar\/espanol\/?s={search_term_string}"},"query-input":{"@type":"PropertyValueSpecification","valueRequired":true,"valueName":"search_term_string"}}],"inLanguage":"es"}]}},"_links":{"self":[{"href":"https:\/\/www.leocaruso.com.ar\/espanol\/wp-json\/wp\/v2\/pages\/59"}],"collection":[{"href":"https:\/\/www.leocaruso.com.ar\/espanol\/wp-json\/wp\/v2\/pages"}],"about":[{"href":"https:\/\/www.leocaruso.com.ar\/espanol\/wp-json\/wp\/v2\/types\/page"}],"author":[{"embeddable":true,"href":"https:\/\/www.leocaruso.com.ar\/espanol\/wp-json\/wp\/v2\/users\/1"}],"replies":[{"embeddable":true,"href":"https:\/\/www.leocaruso.com.ar\/espanol\/wp-json\/wp\/v2\/comments?post=59"}],"version-history":[{"count":29,"href":"https:\/\/www.leocaruso.com.ar\/espanol\/wp-json\/wp\/v2\/pages\/59\/revisions"}],"predecessor-version":[{"id":419,"href":"https:\/\/www.leocaruso.com.ar\/espanol\/wp-json\/wp\/v2\/pages\/59\/revisions\/419"}],"wp:attachment":[{"href":"https:\/\/www.leocaruso.com.ar\/espanol\/wp-json\/wp\/v2\/media?parent=59"}],"curies":[{"name":"wp","href":"https:\/\/api.w.org\/{rel}","templated":true}]}}